{"id":102,"date":"2020-09-15T20:59:06","date_gmt":"2020-09-15T18:59:06","guid":{"rendered":"http:\/\/www.fs-com.com\/v1\/?page_id=102"},"modified":"2020-09-15T21:00:08","modified_gmt":"2020-09-15T19:00:08","slug":"edv-support","status":"publish","type":"page","link":"https:\/\/www.fs-com.com\/v1\/","title":{"rendered":"Willkommen auf www.FS-COM.com"},"content":{"rendered":"\n<p>Auf dieser Seite hatte ich EDV-Support und Websiteentwicklung f\u00fcr kleine Unternehmen und Privatpersonen als Kleinunternehmer angeboten. Ich kann Sie weiterhin bei Ihren Projekten unterst\u00fctzen, bin jedoch jetzt \u00fcber <a href=\"http:\/\/www.filstaco.de\">www.filstaco.de<\/a> zu erreichen.<\/p>\n\n\n\n<p>Herr Hegemann, der www.filstaco.de betreibt, und ich arbeiten schon l\u00e4nger zusammen und haben so die Verwaltung konsolidiert.<\/p>\n\n\n\n<p>Wir freuen uns auf Ihre Anfragen!<\/p>\n\n\n\n<p>Francesco Silvani<\/p>\n","protected":false},"excerpt":{"rendered":"<p>Auf dieser Seite hatte ich EDV-Support und Websiteentwicklung f\u00fcr kleine Unternehmen und Privatpersonen als Kleinunternehmer angeboten. Ich kann Sie weiterhin bei Ihren Projekten unterst\u00fctzen, bin jedoch jetzt \u00fcber www.filstaco.de zu erreichen. Herr Hegemann, der www.filstaco.de betreibt, und ich arbeiten schon l\u00e4nger zusammen und haben so die Verwaltung konsolidiert. Wir freuen uns auf Ihre Anfragen! Francesco [&hellip;]<\/p>\n","protected":false},"author":1,"featured_media":0,"parent":0,"menu_order":0,"comment_status":"closed","ping_status":"closed","template":"","meta":[],"_links":{"self":[{"href":"https:\/\/www.fs-com.com\/v1\/index.php?rest_route=\/wp\/v2\/pages\/102"}],"collection":[{"href":"https:\/\/www.fs-com.com\/v1\/index.php?rest_route=\/wp\/v2\/pages"}],"about":[{"href":"https:\/\/www.fs-com.com\/v1\/index.php?rest_route=\/wp\/v2\/types\/page"}],"author":[{"embeddable":true,"href":"https:\/\/www.fs-com.com\/v1\/index.php?rest_route=\/wp\/v2\/users\/1"}],"replies":[{"embeddable":true,"href":"https:\/\/www.fs-com.com\/v1\/index.php?rest_route=%2Fwp%2Fv2%2Fcomments&post=102"}],"version-history":[{"count":2,"href":"https:\/\/www.fs-com.com\/v1\/index.php?rest_route=\/wp\/v2\/pages\/102\/revisions"}],"predecessor-version":[{"id":104,"href":"https:\/\/www.fs-com.com\/v1\/index.php?rest_route=\/wp\/v2\/pages\/102\/revisions\/104"}],"wp:attachment":[{"href":"https:\/\/www.fs-com.com\/v1\/index.php?rest_route=%2Fwp%2Fv2%2Fmedia&parent=102"}],"curies":[{"name":"wp","href":"https:\/\/api.w.org\/{rel}","templated":true}]}}